{"id":615,"date":"2016-04-08T15:18:32","date_gmt":"2016-04-08T14:18:32","guid":{"rendered":"https:\/\/the7.io\/coffee\/?page_id=2"},"modified":"2023-09-01T14:33:12","modified_gmt":"2023-09-01T12:33:12","slug":"home","status":"publish","type":"page","link":"https:\/\/www.giganti.cz\/de\/","title":{"rendered":"Home"},"content":{"rendered":"<p>[vc_row el_id=&#8220;giganti&#8220;][vc_column][vc_column_text]<\/p>\n<h1 style=\"text-align: center;\">V\u00fdstava Giganti<\/h1>\n<p>&nbsp;<\/p>\n<p style=\"text-align: center;\">Spole\u010dnost GIGANTI, spol. s r.o. vznikla jako specializovan\u00e1 spole\u010dnost pro v\u00fdrobu a komercializaci maxim\u00e1ln\u011b re\u00e1ln\u011b proveden\u00fdch model\u016f zv\u00ed\u0159at z doby ledov\u00e9 v \u017eivotn\u00ed velikosti. Na za\u010d\u00e1tku jej\u00edho vytvo\u0159en\u00ed st\u00e1la snaha o spojen\u00ed um\u011blc\u016f, kte\u0159\u00ed modely tvo\u0159\u00ed, s v\u011bdci \u2013 paleontology, jen\u017e zajist\u00ed odbornou kvalitu d\u00edla. V\u00fdsledkem t\u00e9to spolupr\u00e1ce jsou modely, kter\u00e9 vynikaj\u00ed svou re\u00e1lnost\u00ed. Pro zaji\u0161t\u011bn\u00ed skute\u010dn\u011b vysok\u00e9 kvality jsme z \u0159ad um\u011blc\u016f oslovili ateli\u00e9rov\u00e9 specialisty, kte\u0159\u00ed maj\u00ed zku\u0161enosti s vysok\u00fdmi n\u00e1roky mezin\u00e1rodn\u00edch televizn\u00edch \u0161t\u00e1b\u016f a odv\u00e1d\u011bj\u00ed pr\u00e1ci dostate\u010dn\u011b vysok\u00e9 \u00farovn\u011b. Paleontologickou odbornost za\u0161t\u00edtil pan RNDr. Martin Mazuch Ph.D. ze slavn\u00e9ho paleontologick\u00e9ho odd\u011blen\u00ed P\u0159\u00edrodov\u011bdeck\u00e9 fakulty Univerzity Karlovy v Praze. V sou\u010dasn\u00e9 dob\u011b spole\u010dnost disponuje v\u00edce jak t\u0159iceti re\u00e1ln\u00fdmi dobov\u00fdmi modely a jejich po\u010det se ka\u017ed\u00fdm rokem zvy\u0161uje.<\/p>\n<p>[\/vc_column_text][\/vc_column][\/vc_row][vc_row content_placement=&#8220;top&#8220; type=&#8220;vc_default&#8220; css=&#8220;.vc_custom_1593430795946{padding-top: 10px !important;padding-bottom: 65px !important;}&#8220; el_id=&#8220;about_section&#8220;][vc_column width=&#8220;2\/3&#8243; offset=&#8220;vc_col-lg-offset-0 vc_col-lg-6 vc_col-md-offset-0 vc_col-md-6 vc_col-sm-offset-2 vc_col-xs-offset-2 vc_col-xs-8&#8243; css=&#8220;.vc_custom_1589965851992{padding-bottom: 10px !important;}&#8220;]<div class=\"shortcode-single-image-wrap alignnone \" style=\"margin-top:0px; margin-bottom:0px; margin-left:0px; margin-right:0px; width:500px;\"><div class=\"shortcode-single-image\"><div class=\"fancy-media-wrap  layzr-bg\" style=\"\"><img class=\"preload-me lazy-load\" src=\"data:image\/svg+xml,%3Csvg%20xmlns%3D&#39;http%3A%2F%2Fwww.w3.org%2F2000%2Fsvg&#39;%20viewBox%3D&#39;0%200%20500%201215&#39;%2F%3E\" data-src=\"https:\/\/www.giganti.cz\/wp-content\/uploads\/2023\/09\/Giganti_WEB_SKv010-500x1215.jpg\" data-srcset=\"https:\/\/www.giganti.cz\/wp-content\/uploads\/2023\/09\/Giganti_WEB_SKv010-500x1215.jpg 500w, https:\/\/www.giganti.cz\/wp-content\/uploads\/2023\/09\/Giganti_WEB_SKv010.jpg 800w\" width=\"500\" height=\"1215\"  data-dt-location=\"https:\/\/www.giganti.cz\/de\/home\/giganti_web_skv010\/\" style=\"\" alt=\"\" \/><\/div><\/div><\/div>[\/vc_column][vc_column offset=&#8220;vc_col-lg-6 vc_col-md-6 vc_col-xs-12&#8243;][vc_column_text css_animation=&#8220;none&#8220;]<\/p>\n<h2 style=\"text-align: center;\"><b>Giganti DOBY LEDOV\u00c9<br \/>\nSeneck\u00e1 jezera &#8211; sever (za aquaparkem)<br \/>\n<\/b><\/h2>\n<p style=\"text-align: center;\"><strong>1. \u010dervna &#8211; 31. srpna 2023<\/strong><\/p>\n<p style=\"text-align: center;\">P\u0159ij\u010fte se pod\u00edvat, jak mamut skute\u010dn\u011b vypadal. Vra\u0165te se prost\u0159ednictv\u00edm v\u00fdstavy o 10 000 let zp\u011bt do minulosti. Poznejte tehdej\u0161\u00ed nejv\u011bt\u0161\u00ed a nejzaj\u00edmav\u011bj\u0161\u00ed obyvatele na\u0161\u00ed planety. V pln\u00e9 kr\u00e1se a velikosti se v\u00e1m p\u0159edstav\u00ed 18 vyhynul\u00fdch tvor\u016f z doby ledov\u00e9 z r\u016fzn\u00fdch \u010d\u00e1st\u00ed sv\u011bta a 3 kostry, kter\u00e9 byly vytvo\u0159eny podle nejnov\u011bj\u0161\u00edch v\u011bdeck\u00fdch poznatk\u016f. V\u00fdstava nab\u00edz\u00ed jedine\u010dnou p\u0159\u00edle\u017eitost prohl\u00e9dnout si zv\u00ed\u0159ata zbl\u00edzka, uv\u011bdomit si jejich ohromuj\u00edc\u00ed velikost a sezn\u00e1mit se nejen s jejich skute\u010dnou podobou, ale tak\u00e9 se zp\u016fsobem jejich \u017eivota.<\/p>\n<p>[\/vc_column_text][vc_row_inner][vc_column_inner][vc_column_text]<\/p>\n<p style=\"text-align: center;\"><strong>Otev\u00edrac\u00ed doba:<\/strong><\/p>\n<p style=\"text-align: center;\">(lze upravit v z\u00e1vislosti na provozn\u00edch podm\u00ednk\u00e1ch)<br \/>\nPond\u011bl\u00ed &#8211; \u0160tvrtok: 10:00 &#8211; 20:00 hod.<br \/>\nPiatok &#8211; Sobota: 10:00 &#8211; 20:00 hod.<br \/>\nNede\u013ea: 10:00 &#8211; 18:00 hod.<\/p>\n<p style=\"text-align: center;\"><strong>Kontakt\/rezervace:<\/strong><\/p>\n<p style=\"text-align: center;\">Tel: +421 948 222 925<\/p>\n<p>[\/vc_column_text][vc_column_text]<\/p>\n<p style=\"text-align: center;\"><strong>Vstupn\u00e9:<\/strong><\/p>\n<p style=\"text-align: center;\">dosp\u011bl\u00ed 9 \u20ac<br \/>\nd\u00edt\u011b (3-18 let), studenti (s platn\u00fdm pr\u016fkazem ISIC, Euro 26) 6 \u20ac<br \/>\nd\u011bti do 3 let vstup zdarma<br \/>\nSenio\u0159i 65+, zdravotn\u011b posti\u017een\u00ed (s platn\u00fdm pr\u016fkazem) 7 \u20ac<br \/>\nRodinn\u00e1 vstupenka (2 dosp\u011bl\u00ed + 1 d\u00edt\u011b 3-18 let) 19 \u20ac, (ka\u017ed\u00e9 dal\u0161\u00ed d\u00edt\u011b + 5 \u20ac)<br \/>\nSkupinov\u00e1 vstupenka (\u0161koly, letn\u00ed t\u00e1bory&#8230; 15 a v\u00edce osob) 5 \u20ac na osobu[\/vc_column_text][\/vc_column_inner][\/vc_row_inner][vc_gmaps link=&#8220;#E-8_JTNDaWZyYW1lJTIwc3JjJTNEJTIyaHR0cHMlM0ElMkYlMkZ3d3cuZ29vZ2xlLmNvbSUyRm1hcHMlMkZlbWJlZCUzRnBiJTNEJTIxMW0xNyUyMTFtMTIlMjExbTMlMjExZDI2NTguMTM3NTU3NTc0NTM5NiUyMTJkMTcuNDEzODk3Mjc3NDY1NTA1JTIxM2Q0OC4yMjMyMjU3NDUxOTMyNTQlMjEybTMlMjExZjAlMjEyZjAlMjEzZjAlMjEzbTIlMjExaTEwMjQlMjEyaTc2OCUyMTRmMTMuMSUyMTNtMiUyMTFtMSUyMTJ6TkRqQ3NERXpKekl6TGpZaVRpQXhOOEt3TWpRbk5Ua3VNeUpGJTIxNWUwJTIxM20yJTIxMXNjcyUyMTJzY3olMjE0djE2ODQ2MDI5ODU1MzAlMjE1bTIlMjExc2NzJTIxMnNjeiUyMiUyMHdpZHRoJTNEJTIyNjAwJTIyJTIwaGVpZ2h0JTNEJTIyNDUwJTIyJTIwc3R5bGUlM0QlMjJib3JkZXIlM0EwJTNCJTIyJTIwYWxsb3dmdWxsc2NyZWVuJTNEJTIyJTIyJTIwbG9hZGluZyUzRCUyMmxhenklMjIlMjByZWZlcnJlcnBvbGljeSUzRCUyMm5vLXJlZmVycmVyLXdoZW4tZG93bmdyYWRlJTIyJTNFJTNDJTJGaWZyYW1lJTNF&#8220;][\/vc_column][\/vc_row]<\/p>\n","protected":false},"excerpt":{"rendered":"<p>[vc_row el_id=&#8220;giganti&#8220;][vc_column][vc_column_text] V\u00fdstava Giganti &nbsp; Spole\u010dnost GIGANTI, spol. s r.o. vznikla jako specializovan\u00e1 spole\u010dnost pro v\u00fdrobu a komercializaci maxim\u00e1ln\u011b re\u00e1ln\u011b proveden\u00fdch model\u016f zv\u00ed\u0159at z doby ledov\u00e9 v \u017eivotn\u00ed velikosti. Na za\u010d\u00e1tku jej\u00edho vytvo\u0159en\u00ed st\u00e1la snaha o spojen\u00ed um\u011blc\u016f, kte\u0159\u00ed modely tvo\u0159\u00ed, s v\u011bdci \u2013 paleontology, jen\u017e zajist\u00ed odbornou kvalitu d\u00edla. V\u00fdsledkem t\u00e9to spolupr\u00e1ce jsou modely,&hellip;<\/p>\n","protected":false},"author":1,"featured_media":659,"parent":0,"menu_order":0,"comment_status":"closed","ping_status":"closed","template":"template-microsite.php","meta":{"ngg_post_thumbnail":0},"yst_prominent_words":[],"_links":{"self":[{"href":"https:\/\/www.giganti.cz\/de\/wp-json\/wp\/v2\/pages\/615"}],"collection":[{"href":"https:\/\/www.giganti.cz\/de\/wp-json\/wp\/v2\/pages"}],"about":[{"href":"https:\/\/www.giganti.cz\/de\/wp-json\/wp\/v2\/types\/page"}],"author":[{"embeddable":true,"href":"https:\/\/www.giganti.cz\/de\/wp-json\/wp\/v2\/users\/1"}],"replies":[{"embeddable":true,"href":"https:\/\/www.giganti.cz\/de\/wp-json\/wp\/v2\/comments?post=615"}],"version-history":[{"count":68,"href":"https:\/\/www.giganti.cz\/de\/wp-json\/wp\/v2\/pages\/615\/revisions"}],"predecessor-version":[{"id":1188,"href":"https:\/\/www.giganti.cz\/de\/wp-json\/wp\/v2\/pages\/615\/revisions\/1188"}],"wp:featuredmedia":[{"embeddable":true,"href":"https:\/\/www.giganti.cz\/de\/wp-json\/wp\/v2\/media\/659"}],"wp:attachment":[{"href":"https:\/\/www.giganti.cz\/de\/wp-json\/wp\/v2\/media?parent=615"}],"wp:term":[{"taxonomy":"yst_prominent_words","embeddable":true,"href":"https:\/\/www.giganti.cz\/de\/wp-json\/wp\/v2\/yst_prominent_words?post=615"}],"curies":[{"name":"wp","href":"https:\/\/api.w.org\/{rel}","templated":true}]}}