{"id":759,"date":"2019-08-28T16:29:06","date_gmt":"2019-08-28T14:29:06","guid":{"rendered":"http:\/\/giganti.sh71.wa.cz\/\/?page_id=759"},"modified":"2023-05-18T21:27:58","modified_gmt":"2023-05-18T19:27:58","slug":"probehle-lokace-vystavy","status":"publish","type":"page","link":"https:\/\/www.giganti.cz\/en\/probehle-lokace-vystavy\/","title":{"rendered":"Past exhibition locations"},"content":{"rendered":"<p><\/p>\n<ul>\n<li>[vc_row][vc_column][vc_column_text]\n<ul>\n<li><span style=\"font-weight: 400;\">V\u00fdstavi\u0161t\u011b Praha Hole\u0161ovice (2012,2013,2014)<\/span><\/li>\n<li><span style=\"font-weight: 400;\">Slovensk\u00e9 n\u00e1rodn\u00ed muzeum (2017)<\/span><\/li>\n<li><span style=\"font-weight: 400;\">V\u00fdstavi\u0161t\u011b \u010cesk\u00e9 Bud\u011bjovice (2015)<\/span><\/li>\n<li><span style=\"font-weight: 400;\">Z\u00e1pado\u010desk\u00e9 muzeum v Plzni (2011, 2013)<\/span><\/li>\n<li><span style=\"font-weight: 400;\">VLASTIV\u011aDN\u00c9 MUZEUM V OLOMOUCI (2013,2019)<\/span><\/li>\n<li><span style=\"font-weight: 400;\">Muzeum m\u011bsta \u00dast\u00ed nad Labem (2013)<\/span><\/li>\n<li><span style=\"font-weight: 400;\">Krajske muzeum Opava(2014)<\/span><\/li>\n<li><span style=\"font-weight: 400;\">Tatralandia Hall (2012, 2013, 2014)<\/span><\/li>\n<li><span style=\"font-weight: 400;\">Lipnopark (2015, 2016, 2017)<\/span><\/li>\n<li><span style=\"font-weight: 400;\">ZOO Liberec\u00a8(2015)<\/span><\/li>\n<li>Liptovsk\u00fd Mikul\u00e1\u0161 &#8211; Tatrapolis (2019)<\/li>\n<li>Z\u00e1mek Zl\u00edn (2020)<\/li>\n<li>\u010cern\u00e1 v Po\u0161umav\u00ed LIPNO (2021)<\/li>\n<\/ul>\n<p>[\/vc_column_text][\/vc_column][\/vc_row]<\/li>\n<\/ul>\n<p><\/p>","protected":false},"excerpt":{"rendered":"<p>[vc_row][vc_column][vc_column_text] V\u00fdstavi\u0161t\u011b Praha Hole\u0161ovice (2012,2013,2014) Slovensk\u00e9 n\u00e1rodn\u00ed muzeum (2017) V\u00fdstavi\u0161t\u011b \u010cesk\u00e9 Bud\u011bjovice (2015) Z\u00e1pado\u010desk\u00e9 muzeum v Plzni (2011, 2013) VLASTIV\u011aDN\u00c9 MUZEUM V OLOMOUCI (2013,2019) Muzeum m\u011bsta \u00dast\u00ed nad Labem (2013) Krajske muzeum Opava(2014) Tatralandia Hall (2012, 2013, 2014) Lipnopark (2015, 2016, 2017) ZOO Liberec\u00a8(2015) Liptovsk\u00fd Mikul\u00e1\u0161 &#8211; Tatrapolis (2019) Z\u00e1mek Zl\u00edn (2020) \u010cern\u00e1 v Po\u0161umav\u00ed&hellip;<\/p>\n","protected":false},"author":1,"featured_media":0,"parent":0,"menu_order":0,"comment_status":"closed","ping_status":"closed","template":"","meta":{"ngg_post_thumbnail":0},"yst_prominent_words":[],"_links":{"self":[{"href":"https:\/\/www.giganti.cz\/en\/wp-json\/wp\/v2\/pages\/759"}],"collection":[{"href":"https:\/\/www.giganti.cz\/en\/wp-json\/wp\/v2\/pages"}],"about":[{"href":"https:\/\/www.giganti.cz\/en\/wp-json\/wp\/v2\/types\/page"}],"author":[{"embeddable":true,"href":"https:\/\/www.giganti.cz\/en\/wp-json\/wp\/v2\/users\/1"}],"replies":[{"embeddable":true,"href":"https:\/\/www.giganti.cz\/en\/wp-json\/wp\/v2\/comments?post=759"}],"version-history":[{"count":8,"href":"https:\/\/www.giganti.cz\/en\/wp-json\/wp\/v2\/pages\/759\/revisions"}],"predecessor-version":[{"id":1126,"href":"https:\/\/www.giganti.cz\/en\/wp-json\/wp\/v2\/pages\/759\/revisions\/1126"}],"wp:attachment":[{"href":"https:\/\/www.giganti.cz\/en\/wp-json\/wp\/v2\/media?parent=759"}],"wp:term":[{"taxonomy":"yst_prominent_words","embeddable":true,"href":"https:\/\/www.giganti.cz\/en\/wp-json\/wp\/v2\/yst_prominent_words?post=759"}],"curies":[{"name":"wp","href":"https:\/\/api.w.org\/{rel}","templated":true}]}}