{"id":708,"date":"2019-08-16T09:15:41","date_gmt":"2019-08-16T07:15:41","guid":{"rendered":"http:\/\/giganti.sh71.wa.cz\/\/?page_id=708"},"modified":"2023-05-18T21:28:39","modified_gmt":"2023-05-18T19:28:39","slug":"media","status":"publish","type":"page","link":"https:\/\/www.giganti.cz\/sk\/media\/","title":{"rendered":"(\u010ce\u0161tina) M\u00e9dia"},"content":{"rendered":"<h2>M\u00e9dia &#8211; napsali o n\u00e1s<\/h2>\n<ul type=\"square\">\n<li><a href=\"https:\/\/ustecky.denik.cz\/zpravy_region\/obrazem-prvni-navstevnici-giganticke-vystavy-zasnou-20130111.html\" target=\"_blank\" rel=\"noopener noreferrer\">\u010cl\u00e1nek na \u00dasteck\u00fd Den\u00edk<\/a><\/li>\n<li><a href=\"https:\/\/www.rozhlas.cz\/zpravy\/regiony\/_zprava\/ustecke-muzeum-chysta-vystavu-o-dobe-ledove-ukaze-i-trinact-gigantickych-exponatu--1157564\" target=\"_blank\" rel=\"noopener noreferrer\">\u010cl\u00e1nek na Rozhlas.cz<\/a><\/li>\n<li><a href=\"https:\/\/www.tyden.cz\/rubriky\/relax\/cestovani\/mamuti-i-savlozubi-tygri-na-nove-vystave_257539.html\" target=\"_blank\" rel=\"noopener noreferrer\">\u010cl\u00e1nek na T\u00fdden.cz<\/a><\/li>\n<li><a href=\"https:\/\/ustecky.denik.cz\/zpravy_region\/obrazem-mate-strach-praveci-giganti-ziji-v-muzeu-20130104.html\" target=\"_blank\" rel=\"noopener noreferrer\">\u010cl\u00e1nek na \u00dasteck\u00fd Den\u00edk<\/a><\/li>\n<li><a href=\"https:\/\/praha.idnes.cz\/Praha-zpravy.aspx?c=A110303_115648_praha-zpravy_sfo\" target=\"_blank\" rel=\"noopener noreferrer\">\u010cl\u00e1nek na Praha.iDnes.cz<\/a><\/li>\n<li><a href=\"https:\/\/www.olympia-centrum.cz\/cz\/aktuality\/vystava_giganti_doba_ledova\" target=\"_blank\" rel=\"noopener noreferrer\">\u010cl\u00e1nek na olympia-centrum.cz<\/a><\/li>\n<li><a href=\"https:\/\/cestovani.lidovky.cz\/vydejte-se-do-praveku-zavede-vas-tam-prazske-vystaviste-p2y-\/aktuality.aspx?c=A110304_081300_aktuality_pks\" target=\"_blank\" rel=\"noopener noreferrer\">\u010cl\u00e1nek na Lidovky.cz<\/a><\/li>\n<li><a href=\"https:\/\/toulavakamera.ceskatelevize.cz\/article.asp?id=2433\" target=\"_blank\" rel=\"noopener noreferrer\">\u010cl\u00e1nek na \u010cesk\u00e1Televize.cz<\/a><\/li>\n<li><a href=\"https:\/\/neviditelnypes.lidovky.cz\/vystava-giganti-v-praze-0s6-\/p_kultura.asp?c=A110224_203028_p_kultura_wag\" target=\"_blank\" rel=\"noopener noreferrer\">\u010cl\u00e1nek na Neviditeln\u00fd pes<\/a><\/li>\n<li><a href=\"https:\/\/liberecky.denik.cz\/zpravy_region\/giganti-z-doby-ledove-jsou-tady-20120413.html\" target=\"_blank\" rel=\"noopener noreferrer\">\u010cl\u00e1nek na Libereck\u00fd Den\u00edk<\/a><\/li>\n<li><a href=\"https:\/\/brno.idnes.cz\/navstevniky-obchodniho-centra-olympia-v-modricich-postrasi-savlozuby-tygr-17y-\/brno-zpravy.aspx?c=A120116_181641_brno-zpravy_dmk\" target=\"_blank\" rel=\"noopener noreferrer\">\u010cl\u00e1nek na Brno.iDnes.cz<\/a><\/li>\n<li><a href=\"https:\/\/www.ceskenoviny.cz\/video\/detail.php?id=193754\" target=\"_blank\" rel=\"noopener noreferrer\">\u010cl\u00e1nek na \u010cesk\u00e9Noviny.cz<\/a><\/li>\n<li><a href=\"https:\/\/zena.centrum.cz\/volny-cas\/co-se-deje\/clanek.phtml?id=728405\" target=\"_blank\" rel=\"noopener noreferrer\">\u010cl\u00e1nek na \u017dena.centrum.cz<\/a><\/li>\n<li><a href=\"https:\/\/brno.idnes.cz\/navstevniky-obchodniho-centra-olympia-v-modricich-postrasi-savlozuby-tygr-17y-\/brno-zpravy.aspx?c=A120116_181641_brno-zpravy_dmk\" target=\"_blank\" rel=\"noopener noreferrer\">\u010cl\u00e1nek na Brno.iDnes.cz<\/a><\/li>\n<li><a href=\"https:\/\/liberecky.denik.cz\/zpravy_region\/giganti-z-doby-ledove-jsou-tady-20120413.html\" target=\"_blank\" rel=\"noopener noreferrer\">\u010cl\u00e1nek na Libereck\u00fd Den\u00edk<\/a><\/li>\n<\/ul>\n","protected":false},"excerpt":{"rendered":"<p>M\u00e9dia &#8211; napsali o n\u00e1s \u010cl\u00e1nek na \u00dasteck\u00fd Den\u00edk \u010cl\u00e1nek na Rozhlas.cz \u010cl\u00e1nek na T\u00fdden.cz \u010cl\u00e1nek na \u00dasteck\u00fd Den\u00edk \u010cl\u00e1nek na Praha.iDnes.cz \u010cl\u00e1nek na olympia-centrum.cz \u010cl\u00e1nek na Lidovky.cz \u010cl\u00e1nek na \u010cesk\u00e1Televize.cz \u010cl\u00e1nek na Neviditeln\u00fd pes \u010cl\u00e1nek na Libereck\u00fd Den\u00edk \u010cl\u00e1nek na Brno.iDnes.cz \u010cl\u00e1nek na \u010cesk\u00e9Noviny.cz \u010cl\u00e1nek na \u017dena.centrum.cz \u010cl\u00e1nek na Brno.iDnes.cz \u010cl\u00e1nek na Libereck\u00fd Den\u00edk<\/p>\n","protected":false},"author":1,"featured_media":0,"parent":0,"menu_order":0,"comment_status":"closed","ping_status":"closed","template":"","meta":{"ngg_post_thumbnail":0},"yst_prominent_words":[],"_links":{"self":[{"href":"https:\/\/www.giganti.cz\/sk\/wp-json\/wp\/v2\/pages\/708"}],"collection":[{"href":"https:\/\/www.giganti.cz\/sk\/wp-json\/wp\/v2\/pages"}],"about":[{"href":"https:\/\/www.giganti.cz\/sk\/wp-json\/wp\/v2\/types\/page"}],"author":[{"embeddable":true,"href":"https:\/\/www.giganti.cz\/sk\/wp-json\/wp\/v2\/users\/1"}],"replies":[{"embeddable":true,"href":"https:\/\/www.giganti.cz\/sk\/wp-json\/wp\/v2\/comments?post=708"}],"version-history":[{"count":3,"href":"https:\/\/www.giganti.cz\/sk\/wp-json\/wp\/v2\/pages\/708\/revisions"}],"predecessor-version":[{"id":1127,"href":"https:\/\/www.giganti.cz\/sk\/wp-json\/wp\/v2\/pages\/708\/revisions\/1127"}],"wp:attachment":[{"href":"https:\/\/www.giganti.cz\/sk\/wp-json\/wp\/v2\/media?parent=708"}],"wp:term":[{"taxonomy":"yst_prominent_words","embeddable":true,"href":"https:\/\/www.giganti.cz\/sk\/wp-json\/wp\/v2\/yst_prominent_words?post=708"}],"curies":[{"name":"wp","href":"https:\/\/api.w.org\/{rel}","templated":true}]}}