{"id":939,"date":"2019-08-28T18:23:16","date_gmt":"2019-08-28T16:23:16","guid":{"rendered":"http:\/\/giganti.sh71.wa.cz\/\/?page_id=939"},"modified":"2023-05-18T21:30:36","modified_gmt":"2023-05-18T19:30:36","slug":"informace-pro-skoly-a-dalsi-zvedavce","status":"publish","type":"page","link":"https:\/\/www.giganti.cz\/sk\/informace-pro-skoly-a-dalsi-zvedavce\/","title":{"rendered":"Inform\u00e1cie pre \u0161koly a in\u00fdch zvedavcov"},"content":{"rendered":"<h3>Ke sta\u017een\u00ed<\/h3>\n<table class=\"w-100\">\n<tbody>\n<tr>\n<td class=\"va-top\">&nbsp;<\/td>\n<td class=\"va-top\">\n<ul>\n<li><a title=\"\" href=\"https:\/\/giganti.cz\/doc\/GIGANTI_odpovedi_na_pracovni_list.docx\">Odpov\u011bdi k pracovn\u00edm list\u016fm<\/a>&nbsp;(<a title=\"ve form\u00e1tu pdf\" href=\"https:\/\/giganti.cz\/doc\/GIGANTI_odpovedi_na_pracovni_list.pdf\">PDF<\/a>)<\/li>\n<li><a title=\"\" href=\"https:\/\/giganti.cz\/doc\/GIGANTI_pracovni_listy.docx\">Pracovn\u00ed listy<\/a>&nbsp;(<a title=\"ve form\u00e1tu pdf\" href=\"https:\/\/giganti.cz\/doc\/GIGANTI_pracovni_listy.pdf\">PDF<\/a>)<\/li>\n<li><a href=\"https:\/\/giganti.cz\/doc\/GIGANTI_pracovni_listy_pro_nejmensi.docx\">Pracovn\u00ed listy pro nejmen\u0161\u00ed<\/a><\/li>\n<\/ul>\n<\/td>\n<\/tr>\n<\/tbody>\n<\/table>\n<p>&nbsp;<\/p>\n<h3>Dopl\u0148uj\u00edc\u00ed informace<\/h3>\n<p><strong>Pracovn\u00ed listy<\/strong><\/p>\n<p>Pracovn\u00ed listy jsou koncipov\u00e1ny tak, aby n\u00e1v\u0161t\u011bva v\u00fdstavy nebyla pouze kulturn\u00edm z\u00e1\u017eitkem, ale aby umo\u017enila u\u010diteli za\u010dlenit nabyt\u00e9 poznatky do v\u00fduky. Pracovn\u00ed listy je mo\u017en\u00e9 vytisknout p\u0159edem (p\u0159\u00edloha 1).<\/p>\n","protected":false},"excerpt":{"rendered":"<p>Ke sta\u017een\u00ed &nbsp; Odpov\u011bdi k pracovn\u00edm list\u016fm&nbsp;(PDF) Pracovn\u00ed listy&nbsp;(PDF) Pracovn\u00ed listy pro nejmen\u0161\u00ed &nbsp; Dopl\u0148uj\u00edc\u00ed informace Pracovn\u00ed listy Pracovn\u00ed listy jsou koncipov\u00e1ny tak, aby n\u00e1v\u0161t\u011bva v\u00fdstavy nebyla pouze kulturn\u00edm z\u00e1\u017eitkem, ale aby umo\u017enila u\u010diteli za\u010dlenit nabyt\u00e9 poznatky do v\u00fduky. Pracovn\u00ed listy je mo\u017en\u00e9 vytisknout p\u0159edem (p\u0159\u00edloha 1).<\/p>\n","protected":false},"author":1,"featured_media":0,"parent":0,"menu_order":0,"comment_status":"closed","ping_status":"closed","template":"","meta":{"ngg_post_thumbnail":0},"yst_prominent_words":[],"_links":{"self":[{"href":"https:\/\/www.giganti.cz\/sk\/wp-json\/wp\/v2\/pages\/939"}],"collection":[{"href":"https:\/\/www.giganti.cz\/sk\/wp-json\/wp\/v2\/pages"}],"about":[{"href":"https:\/\/www.giganti.cz\/sk\/wp-json\/wp\/v2\/types\/page"}],"author":[{"embeddable":true,"href":"https:\/\/www.giganti.cz\/sk\/wp-json\/wp\/v2\/users\/1"}],"replies":[{"embeddable":true,"href":"https:\/\/www.giganti.cz\/sk\/wp-json\/wp\/v2\/comments?post=939"}],"version-history":[{"count":5,"href":"https:\/\/www.giganti.cz\/sk\/wp-json\/wp\/v2\/pages\/939\/revisions"}],"predecessor-version":[{"id":1129,"href":"https:\/\/www.giganti.cz\/sk\/wp-json\/wp\/v2\/pages\/939\/revisions\/1129"}],"wp:attachment":[{"href":"https:\/\/www.giganti.cz\/sk\/wp-json\/wp\/v2\/media?parent=939"}],"wp:term":[{"taxonomy":"yst_prominent_words","embeddable":true,"href":"https:\/\/www.giganti.cz\/sk\/wp-json\/wp\/v2\/yst_prominent_words?post=939"}],"curies":[{"name":"wp","href":"https:\/\/api.w.org\/{rel}","templated":true}]}}